{"id":222,"date":"2026-02-22T12:58:06","date_gmt":"2026-02-22T12:58:06","guid":{"rendered":"http:\/\/psychomotricite-fronton.com\/?page_id=222"},"modified":"2026-02-22T16:56:16","modified_gmt":"2026-02-22T16:56:16","slug":"tarif-et-financement","status":"publish","type":"page","link":"https:\/\/psychomotricite-fronton.com\/index.php\/tarif-et-financement\/","title":{"rendered":"Tarif et financement"},"content":{"rendered":"\n<p>Les s\u00e9ances de psychomotricit\u00e9 ne sont pas rembours\u00e9es par la S\u00e9curit\u00e9 sociale. Certaines mutuelles pr\u00e9voient toutefois une prise en charge totale ou partielle; n&rsquo;h\u00e9sitez pas \u00e0 vous renseigner aupr\u00e8s de votre mutuelle.<\/p>\n\n\n\n<h2 class=\"wp-block-heading\">Possibilit\u00e9s de demandes de financements<\/h2>\n\n\n\n<div class=\"wp-block-media-text is-stacked-on-mobile\" style=\"grid-template-columns:15% auto\"><figure class=\"wp-block-media-text__media\"><img loading=\"lazy\" decoding=\"async\" width=\"206\" height=\"87\" src=\"https:\/\/psychomotricite-fronton.com\/wp-content\/uploads\/2026\/02\/logo-mdph.png\" alt=\"\" class=\"wp-image-336 size-full\"\/><\/figure><div class=\"wp-block-media-text__content\">\n<p>Demandes aupr\u00e8s de la MDPH<\/p>\n<\/div><\/div>\n\n\n\n<div class=\"wp-block-media-text is-stacked-on-mobile is-vertically-aligned-center\" style=\"padding-top:0;padding-bottom:0;grid-template-columns:15% auto\"><figure class=\"wp-block-media-text__media\"><img loading=\"lazy\" decoding=\"async\" width=\"418\" height=\"400\" src=\"https:\/\/psychomotricite-fronton.com\/wp-content\/uploads\/2026\/02\/TSLA.png\" alt=\"\" class=\"wp-image-331 size-full\" srcset=\"https:\/\/psychomotricite-fronton.com\/wp-content\/uploads\/2026\/02\/TSLA.png 418w, https:\/\/psychomotricite-fronton.com\/wp-content\/uploads\/2026\/02\/TSLA-300x287.png 300w\" sizes=\"auto, (max-width: 418px) 100vw, 418px\" \/><\/figure><div class=\"wp-block-media-text__content\">\n<p>Conventionnement TSLA &#8211; Occitadys<\/p>\n<\/div><\/div>\n\n\n\n<div class=\"wp-block-media-text is-stacked-on-mobile\" style=\"grid-template-columns:15% auto\"><figure class=\"wp-block-media-text__media\"><img loading=\"lazy\" decoding=\"async\" width=\"250\" height=\"91\" src=\"https:\/\/psychomotricite-fronton.com\/wp-content\/uploads\/2026\/02\/logo-CHU-Toulouse.png\" alt=\"\" class=\"wp-image-332 size-full\"\/><\/figure><div class=\"wp-block-media-text__content\">\n<p>Conventionnement PCO 31<\/p>\n<\/div><\/div>\n\n\n\n<div class=\"wp-block-media-text is-stacked-on-mobile\" style=\"grid-template-columns:15% auto\"><figure class=\"wp-block-media-text__media\"><img loading=\"lazy\" decoding=\"async\" width=\"270\" height=\"100\" src=\"https:\/\/psychomotricite-fronton.com\/wp-content\/uploads\/2026\/02\/logo-camsp.png\" alt=\"\" class=\"wp-image-333 size-full\"\/><\/figure><div class=\"wp-block-media-text__content\">\n<p>Conventionnement PCO 82<\/p>\n<\/div><\/div>\n","protected":false},"excerpt":{"rendered":"<p>Les s\u00e9ances de psychomotricit\u00e9 ne sont pas rembours\u00e9es par la S\u00e9curit\u00e9 sociale. Certaines mutuelles pr\u00e9voient toutefois une prise en charge totale ou partielle; n&rsquo;h\u00e9sitez pas \u00e0 vous renseigner aupr\u00e8s de votre mutuelle. Possibilit\u00e9s de demandes de financements Demandes aupr\u00e8s de la MDPH Conventionnement TSLA &#8211; Occitadys Conventionnement PCO 31 Conventionnement PCO 82<\/p>\n","protected":false},"author":1,"featured_media":0,"parent":0,"menu_order":0,"comment_status":"closed","ping_status":"closed","template":"","meta":{"_kadence_starter_templates_imported_post":false,"_kad_post_transparent":"","_kad_post_title":"","_kad_post_layout":"","_kad_post_sidebar_id":"","_kad_post_content_style":"","_kad_post_vertical_padding":"","_kad_post_feature":"","_kad_post_feature_position":"","_kad_post_header":false,"_kad_post_footer":false,"_kad_post_classname":"","footnotes":""},"class_list":["post-222","page","type-page","status-publish","hentry"],"_links":{"self":[{"href":"https:\/\/psychomotricite-fronton.com\/index.php\/wp-json\/wp\/v2\/pages\/222","targetHints":{"allow":["GET"]}}],"collection":[{"href":"https:\/\/psychomotricite-fronton.com\/index.php\/wp-json\/wp\/v2\/pages"}],"about":[{"href":"https:\/\/psychomotricite-fronton.com\/index.php\/wp-json\/wp\/v2\/types\/page"}],"author":[{"embeddable":true,"href":"https:\/\/psychomotricite-fronton.com\/index.php\/wp-json\/wp\/v2\/users\/1"}],"replies":[{"embeddable":true,"href":"https:\/\/psychomotricite-fronton.com\/index.php\/wp-json\/wp\/v2\/comments?post=222"}],"version-history":[{"count":6,"href":"https:\/\/psychomotricite-fronton.com\/index.php\/wp-json\/wp\/v2\/pages\/222\/revisions"}],"predecessor-version":[{"id":338,"href":"https:\/\/psychomotricite-fronton.com\/index.php\/wp-json\/wp\/v2\/pages\/222\/revisions\/338"}],"wp:attachment":[{"href":"https:\/\/psychomotricite-fronton.com\/index.php\/wp-json\/wp\/v2\/media?parent=222"}],"curies":[{"name":"wp","href":"https:\/\/api.w.org\/{rel}","templated":true}]}}