{"id":38,"date":"2026-02-21T18:28:44","date_gmt":"2026-02-21T18:28:44","guid":{"rendered":"http:\/\/psychomotricite-fronton.com\/index.php\/home\/"},"modified":"2026-02-23T09:33:14","modified_gmt":"2026-02-23T08:33:14","slug":"home","status":"publish","type":"page","link":"https:\/\/psychomotricite-fronton.com\/","title":{"rendered":"Accueil"},"content":{"rendered":"\n<div class=\"wp-block-columns is-layout-flex wp-container-core-columns-is-layout-9d6595d7 wp-block-columns-is-layout-flex\">\n<div class=\"wp-block-column is-layout-flow wp-block-column-is-layout-flow\" style=\"flex-basis:33.33%\">\n<figure class=\"wp-block-image size-full\"><img loading=\"lazy\" decoding=\"async\" width=\"1024\" height=\"1024\" src=\"https:\/\/psychomotricite-fronton.com\/wp-content\/uploads\/2026\/02\/image-arrondie.png\" alt=\"\" class=\"wp-image-68\" srcset=\"https:\/\/psychomotricite-fronton.com\/wp-content\/uploads\/2026\/02\/image-arrondie.png 1024w, https:\/\/psychomotricite-fronton.com\/wp-content\/uploads\/2026\/02\/image-arrondie-300x300.png 300w, https:\/\/psychomotricite-fronton.com\/wp-content\/uploads\/2026\/02\/image-arrondie-150x150.png 150w, https:\/\/psychomotricite-fronton.com\/wp-content\/uploads\/2026\/02\/image-arrondie-768x768.png 768w, https:\/\/psychomotricite-fronton.com\/wp-content\/uploads\/2026\/02\/image-arrondie-600x600.png 600w, https:\/\/psychomotricite-fronton.com\/wp-content\/uploads\/2026\/02\/image-arrondie-100x100.png 100w\" sizes=\"auto, (max-width: 1024px) 100vw, 1024px\" \/><\/figure>\n<\/div>\n\n\n\n<div class=\"wp-block-column is-vertically-aligned-top is-layout-flow wp-block-column-is-layout-flow\" style=\"flex-basis:66.66%\">\n<h1 class=\"wp-block-heading\">Bienvenue au cabinet de psychomotricit\u00e9 de Fronton<\/h1>\n\n\n\n<p>La psychomotricit\u00e9 s&rsquo;adresse \u00e0 tous, du nourrisson \u00e0 l&rsquo;\u00e2ge adulte afin d&rsquo;aider les patients \u00e0 se sentir bien dans leur quotidien, en paliant leurs fragilit\u00e9s et en s&rsquo;appuyant sur leurs forces.&nbsp;<\/p>\n\n\n\n<p>Nous sommes sp\u00e9cialis\u00e9es dans les troubles neurod\u00e9veloppementaux : TDAH (trouble d\u00e9ficit de l\u2019attention avec ou sans hyperactivit\u00e9), Troubles du spectre de l\u2019autisme, TDC (Trouble d\u00e9veloppemental des coordinations, anciennement appel\u00e9 dyspraxie), dysgraphie, trouble du d\u00e9veloppement intellectuel et retard de d\u00e9veloppement ; ainsi que certains syndromes g\u00e9n\u00e9tiques.<\/p>\n\n\n\n<p><\/p>\n<\/div>\n<\/div>\n\n\n\n<h2 class=\"wp-block-heading\">A propos de l&rsquo;\u00e9quipe<\/h2>\n\n\n\n<div class=\"wp-block-columns is-layout-flex wp-container-core-columns-is-layout-9d6595d7 wp-block-columns-is-layout-flex\">\n<div class=\"wp-block-column is-layout-flow wp-block-column-is-layout-flow\">\n<p>Nous sommes 3 psychomotriciennes au sein du cabinet de Fronton : <strong>Julie Coudeyras<\/strong>, <strong>St\u00e9phanie Bigarios<\/strong> et <strong>Manon Hamelin<\/strong>. Nous r\u00e9alisons des bilans psychomoteurs, des suivis en s\u00e9ances individuelles et proposons \u00e9galement un accompagnement aupr\u00e8s des parents en guidance parentale. <em><a href=\"https:\/\/psychomotricite-fronton.com\/index.php\/psychomotriciennes-fronton\/\" data-type=\"page\" data-id=\"2\">Voir nos formations<\/a><\/em><\/p>\n<\/div>\n\n\n\n<div class=\"wp-block-column is-layout-flow wp-block-column-is-layout-flow\">\n<p>Le cabinet accueille \u00e9galement 3 orthophonistes. Pour les patients en attente d&rsquo;un suivi orthophonique, nous vous invitons \u00e0 vous mettre sur liste d&rsquo;attente : <a href=\"https:\/\/docorga.com\/\" target=\"_blank\" rel=\"noreferrer noopener\">docorga.com<\/a> pour <strong>Adeline Joly<\/strong> et <a href=\"http:\/\/perfactive.fr\" target=\"_blank\" rel=\"noreferrer noopener\">perfactive.fr<\/a> pour <strong>Pauline Crusson<\/strong> et <strong>Marion Roboam<\/strong>. Nous tenterons de faciliter les prises en charge en les regroupant autant que possible, en fonction de nos emplois du temps respectifs.<\/p>\n<\/div>\n\n\n\n<div class=\"wp-block-column has-theme-palette-14-background-color has-background is-layout-flow wp-block-column-is-layout-flow\" style=\"padding-top:var(--wp--preset--spacing--30);padding-right:var(--wp--preset--spacing--30);padding-bottom:var(--wp--preset--spacing--30);padding-left:var(--wp--preset--spacing--30)\">\n<div class=\"wp-block-group\"><div class=\"wp-block-group__inner-container is-layout-constrained wp-block-group-is-layout-constrained\">\n<p class=\"has-text-align-center\"><strong>Vous pouvez nous contacter au 06 79 07 90 58<\/strong> ou nous envoyer un <a href=\"https:\/\/psychomotricite-fronton.com\/index.php\/contact-cabinet-psychomotriciennes\/\" data-type=\"page\" data-id=\"44\">email<\/a><\/p>\n\n\n\n<p class=\"has-text-align-center\"><strong>Nous avons une liste d&rsquo;attente commune aux 3 psychomotriciennes du cabinet. Pour vous inscrire, vous pouvez aller sur <a href=\"http:\/\/docorga.com\" target=\"_blank\" rel=\"noreferrer noopener\"><\/a><a href=\"https:\/\/docorga.com\/\" target=\"_blank\" rel=\"noreferrer noopener\">docorga.com<\/a><\/strong><\/p>\n\n\n\n<div class=\"wp-block-buttons is-content-justification-center is-layout-flex wp-container-core-buttons-is-layout-16018d1d wp-block-buttons-is-layout-flex\">\n<div class=\"wp-block-button\"><a class=\"wp-block-button__link has-text-align-center wp-element-button\" href=\"https:\/\/docorga.com\/home\" target=\"_blank\" rel=\"noreferrer noopener\">acc\u00e9der \u00e0 la liste d&rsquo;attente<\/a><\/div>\n<\/div>\n<\/div><\/div>\n<\/div>\n<\/div>\n\n\n\n<div class=\"wp-block-columns has-theme-palette-3-background-color has-background is-layout-flex wp-container-core-columns-is-layout-9d6595d7 wp-block-columns-is-layout-flex\">\n<div class=\"wp-block-column is-layout-flow wp-block-column-is-layout-flow\" style=\"flex-basis:33.33%\">\n<figure class=\"wp-block-image size-full\"><img loading=\"lazy\" decoding=\"async\" width=\"1920\" height=\"840\" src=\"https:\/\/psychomotricite-fronton.com\/wp-content\/uploads\/2026\/02\/balles.avif\" alt=\"\" class=\"wp-image-164\"\/><\/figure>\n<\/div>\n\n\n\n<div class=\"wp-block-column is-vertically-aligned-top is-layout-flow wp-block-column-is-layout-flow\" style=\"flex-basis:66.66%\">\n<p class=\"has-theme-palette-7-color has-text-color has-link-color wp-elements-d47448cdef5fe8df340efa1845ec21f8\">Nous travaillons en \u00e9troite collaboration avec les m\u00e9decins, orthophonistes, orthoptistes, psychologues, ergoth\u00e9rapeutes de notre secteur afin d&rsquo;orienter le plus pr\u00e9cis\u00e9ment possible et r\u00e9pondre au mieux \u00e0 la probl\u00e9matique rencontr\u00e9e par nos patients.<\/p>\n<\/div>\n<\/div>\n\n\n\n<h2 class=\"wp-block-heading\">Comment se passe un suivi psychomoteur?<\/h2>\n\n\n\n<div class=\"wp-block-columns is-layout-flex wp-container-core-columns-is-layout-9d6595d7 wp-block-columns-is-layout-flex\">\n<div class=\"wp-block-column has-theme-palette-7-background-color has-background is-layout-flow wp-block-column-is-layout-flow\" style=\"padding-top:var(--wp--preset--spacing--30);padding-right:var(--wp--preset--spacing--30);padding-bottom:var(--wp--preset--spacing--30);padding-left:var(--wp--preset--spacing--30)\">\n<div class=\"wp-block-buttons is-content-justification-center is-layout-flex wp-container-core-buttons-is-layout-16018d1d wp-block-buttons-is-layout-flex\">\n<div class=\"wp-block-button\"><a class=\"wp-block-button__link wp-element-button\">1<\/a><\/div>\n<\/div>\n\n\n\n<p class=\"has-text-align-center\"><strong>Premier contact<\/strong><\/p>\n\n\n\n<p style=\"border-style:none;border-width:0px\">Vous pouvez nous contacter par email, par t\u00e9l\u00e9phone ou vous inscrire sur notre liste d&rsquo;attente. Nous vous recontactons pour fixer un premier rendez-vous.<\/p>\n<\/div>\n\n\n\n<div class=\"wp-block-column has-theme-palette-7-background-color has-background is-layout-flow wp-block-column-is-layout-flow\" style=\"padding-top:var(--wp--preset--spacing--30);padding-right:var(--wp--preset--spacing--30);padding-bottom:var(--wp--preset--spacing--30);padding-left:var(--wp--preset--spacing--30)\">\n<div class=\"wp-block-buttons is-content-justification-center is-layout-flex wp-container-core-buttons-is-layout-16018d1d wp-block-buttons-is-layout-flex\">\n<div class=\"wp-block-button\"><a class=\"wp-block-button__link has-text-align-center wp-element-button\">2<\/a><\/div>\n<\/div>\n\n\n\n<p class=\"has-text-align-center\" style=\"border-style:none;border-width:0px\"><strong>Bilan psychomoteur<\/strong><\/p>\n\n\n\n<p>Le bilan est r\u00e9alis\u00e9 en 2 sessions d&rsquo;1h30 environ + 1 rendez-vous de restitution du compte-rendu du bilan au cours duquel nous vous proposerons un plan d&rsquo;intervention (objectifs, fr\u00e9quence des s\u00e9ances, \u2026).<\/p>\n<\/div>\n\n\n\n<div class=\"wp-block-column has-theme-palette-7-background-color has-background is-layout-flow wp-block-column-is-layout-flow\" style=\"padding-top:var(--wp--preset--spacing--30);padding-right:var(--wp--preset--spacing--30);padding-bottom:var(--wp--preset--spacing--30);padding-left:var(--wp--preset--spacing--30)\">\n<div class=\"wp-block-buttons is-content-justification-center is-layout-flex wp-container-core-buttons-is-layout-16018d1d wp-block-buttons-is-layout-flex\">\n<div class=\"wp-block-button\"><a class=\"wp-block-button__link wp-element-button\">3<\/a><\/div>\n<\/div>\n\n\n\n<p class=\"has-text-align-center\" style=\"border-style:none;border-width:0px\"><strong>S\u00e9ances<\/strong><\/p>\n\n\n\n<p>Les s\u00e9ances sont g\u00e9n\u00e9ralement hebdomadaires et durent 30 \u00e0 45 minutes, selon les besoins de l&rsquo;enfant. Apr\u00e8s une dur\u00e9e suffisante de suivi, nous r\u00e9\u00e9valuons votre enfant afin de mettre en \u00e9vidence les progr\u00e8s et d\u00e9cider de la fin du suivi.<\/p>\n<\/div>\n<\/div>\n\n\n\n<p><\/p>\n","protected":false},"excerpt":{"rendered":"<p>Bienvenue au cabinet de psychomotricit\u00e9 de Fronton La psychomotricit\u00e9 s&rsquo;adresse \u00e0 tous, du nourrisson \u00e0 l&rsquo;\u00e2ge adulte afin d&rsquo;aider les patients \u00e0 se sentir bien dans leur quotidien, en paliant leurs fragilit\u00e9s et en s&rsquo;appuyant sur leurs forces.&nbsp; Nous sommes sp\u00e9cialis\u00e9es dans les troubles neurod\u00e9veloppementaux : TDAH (trouble d\u00e9ficit de l\u2019attention avec ou sans hyperactivit\u00e9),&#8230;<\/p>\n","protected":false},"author":1,"featured_media":0,"parent":0,"menu_order":0,"comment_status":"closed","ping_status":"closed","template":"home\/home.php","meta":{"_kadence_starter_templates_imported_post":false,"_kad_post_transparent":"","_kad_post_title":"","_kad_post_layout":"","_kad_post_sidebar_id":"","_kad_post_content_style":"","_kad_post_vertical_padding":"","_kad_post_feature":"","_kad_post_feature_position":"","_kad_post_header":false,"_kad_post_footer":false,"_kad_post_classname":"","footnotes":""},"class_list":["post-38","page","type-page","status-publish","hentry"],"_links":{"self":[{"href":"https:\/\/psychomotricite-fronton.com\/index.php\/wp-json\/wp\/v2\/pages\/38","targetHints":{"allow":["GET"]}}],"collection":[{"href":"https:\/\/psychomotricite-fronton.com\/index.php\/wp-json\/wp\/v2\/pages"}],"about":[{"href":"https:\/\/psychomotricite-fronton.com\/index.php\/wp-json\/wp\/v2\/types\/page"}],"author":[{"embeddable":true,"href":"https:\/\/psychomotricite-fronton.com\/index.php\/wp-json\/wp\/v2\/users\/1"}],"replies":[{"embeddable":true,"href":"https:\/\/psychomotricite-fronton.com\/index.php\/wp-json\/wp\/v2\/comments?post=38"}],"version-history":[{"count":133,"href":"https:\/\/psychomotricite-fronton.com\/index.php\/wp-json\/wp\/v2\/pages\/38\/revisions"}],"predecessor-version":[{"id":411,"href":"https:\/\/psychomotricite-fronton.com\/index.php\/wp-json\/wp\/v2\/pages\/38\/revisions\/411"}],"wp:attachment":[{"href":"https:\/\/psychomotricite-fronton.com\/index.php\/wp-json\/wp\/v2\/media?parent=38"}],"curies":[{"name":"wp","href":"https:\/\/api.w.org\/{rel}","templated":true}]}}