{"id":44,"date":"2026-02-21T18:28:44","date_gmt":"2026-02-21T18:28:44","guid":{"rendered":"http:\/\/psychomotricite-fronton.com\/index.php\/contact-us\/"},"modified":"2026-02-23T09:30:08","modified_gmt":"2026-02-23T08:30:08","slug":"contact-cabinet-psychomotriciennes","status":"publish","type":"page","link":"https:\/\/psychomotricite-fronton.com\/index.php\/contact-cabinet-psychomotriciennes\/","title":{"rendered":"Nous contacter"},"content":{"rendered":"\n<div class=\"wp-block-columns is-layout-flex wp-container-core-columns-is-layout-9d6595d7 wp-block-columns-is-layout-flex\">\n<div class=\"wp-block-column is-layout-flow wp-block-column-is-layout-flow\"><\/div>\n\n\n\n<div class=\"wp-block-column is-layout-flow wp-block-column-is-layout-flow\"><\/div>\n<\/div>\n\n\n\n<div class=\"wp-block-columns is-layout-flex wp-container-core-columns-is-layout-93101220 wp-block-columns-is-layout-flex\" style=\"margin-top:0;margin-bottom:0;padding-top:var(--wp--preset--spacing--30);padding-right:var(--wp--preset--spacing--30);padding-bottom:var(--wp--preset--spacing--30);padding-left:var(--wp--preset--spacing--30)\">\n<div class=\"wp-block-column has-theme-palette-7-background-color has-background is-layout-flow wp-block-column-is-layout-flow\" style=\"border-style:none;border-width:0px;padding-top:var(--wp--preset--spacing--20);padding-right:var(--wp--preset--spacing--20);padding-bottom:var(--wp--preset--spacing--20);padding-left:var(--wp--preset--spacing--20);flex-basis:33%\">\n<p><strong>Adresse <\/strong>: 6 impasse du colombier 31620 Fronton<\/p>\n\n\n\n<p><strong>T\u00e9l\u00e9phone :<\/strong><\/p>\n\n\n\n<ul class=\"wp-block-list\">\n<li><strong>Julie Coudeyras<\/strong> 06 79 07 90 58<\/li>\n\n\n\n<li><strong>St\u00e9phanie Bigarios<\/strong> 06 80 26 93 82<\/li>\n\n\n\n<li><strong>Manon Hamelin<\/strong> 06 47 35 20 75<\/li>\n<\/ul>\n<\/div>\n\n\n\n<div class=\"wp-block-column is-layout-flow wp-block-column-is-layout-flow\" style=\"border-style:none;border-width:0px\">\n<p class=\"has-text-align-center\">Pour toute nouvelle demande de bilan ou de prise en charge, nous vous invitons \u00e0 vous connecter \u00e0 <a href=\"https:\/\/docorga.com\/home\" target=\"_blank\" rel=\"noreferrer noopener\">Docorga.com<\/a> pour vous inscrire sur <strong>notre liste d&rsquo;attente.<\/strong><br><\/p>\n\n\n\n<div class=\"wp-block-columns is-layout-flex wp-container-core-columns-is-layout-9d6595d7 wp-block-columns-is-layout-flex\">\n<div class=\"wp-block-column is-layout-flow wp-block-column-is-layout-flow\" style=\"flex-basis:66.66%\">\n<p>Vous pouvez&nbsp;noter&nbsp;dans l&rsquo;encart \u00ab\u00a0Nom de votre praticien\u00a0\u00bb l&rsquo;un de nos noms COUDEYRAS, BIGARIOS ou HAMELIN. Vous devrez ensuite cliquer sur \u00ab\u00a0int\u00e9grer la liste d&rsquo;attente\u00a0\u00bb (lien rouge)&nbsp;et cr\u00e9er un compte. Nous validerons ensuite votre demande. Ne vous inqui\u00e9tez pas nous traitons toutes les demandes. &nbsp;<br><\/p>\n<\/div>\n\n\n\n<div class=\"wp-block-column is-vertically-aligned-top is-layout-flow wp-block-column-is-layout-flow\" style=\"flex-basis:33.33%\">\n<div class=\"wp-block-buttons alignwide is-content-justification-center is-layout-flex wp-container-core-buttons-is-layout-16018d1d wp-block-buttons-is-layout-flex\">\n<div class=\"wp-block-button\"><a class=\"wp-block-button__link has-text-align-center wp-element-button\" href=\"https:\/\/docorga.com\/home\" target=\"_blank\" rel=\"noreferrer noopener\">Aller sur docorga.com<\/a><\/div>\n<\/div>\n\n\n\n<p><em>\u00c0 tr\u00e8s bient\u00f4t&nbsp;<br>Les psychomotriciennes<\/em><\/p>\n<\/div>\n<\/div>\n<\/div>\n<\/div>\n\n\n\n<div class=\"wp-block-columns is-layout-flex wp-container-core-columns-is-layout-9d6595d7 wp-block-columns-is-layout-flex\">\n<div class=\"wp-block-column is-layout-flow wp-block-column-is-layout-flow\">\n<h2 class=\"wp-block-heading has-text-align-left\">Envoyer un message<\/h2>\n\n\n\n<div class=\"wp-block-contact-form-7-contact-form-selector\">\n<div class=\"wpcf7 no-js\" id=\"wpcf7-f240-o1\" lang=\"en-US\" dir=\"ltr\" data-wpcf7-id=\"240\">\n<div class=\"screen-reader-response\"><p role=\"status\" aria-live=\"polite\" aria-atomic=\"true\"><\/p> <ul><\/ul><\/div>\n<form action=\"\/index.php\/wp-json\/wp\/v2\/pages\/44#wpcf7-f240-o1\" method=\"post\" class=\"wpcf7-form init\" aria-label=\"Contact form\" novalidate=\"novalidate\" data-status=\"init\">\n<fieldset class=\"hidden-fields-container\"><input type=\"hidden\" name=\"_wpcf7\" value=\"240\" \/><input type=\"hidden\" name=\"_wpcf7_version\" value=\"6.1.5\" \/><input type=\"hidden\" name=\"_wpcf7_locale\" value=\"en_US\" \/><input type=\"hidden\" name=\"_wpcf7_unit_tag\" value=\"wpcf7-f240-o1\" \/><input type=\"hidden\" name=\"_wpcf7_container_post\" value=\"0\" \/><input type=\"hidden\" name=\"_wpcf7_posted_data_hash\" value=\"\" \/><input type=\"hidden\" name=\"_wpcf7_recaptcha_response\" value=\"\" \/>\n<\/fieldset>\n<p><label> Vos nom et pr\u00e9nom<br \/>\n<span class=\"wpcf7-form-control-wrap\" data-name=\"your-name\"><input size=\"40\" maxlength=\"400\" class=\"wpcf7-form-control wpcf7-text wpcf7-validates-as-required\" autocomplete=\"name\" aria-required=\"true\" aria-invalid=\"false\" value=\"\" type=\"text\" name=\"your-name\" \/><\/span> <\/label>\n<\/p>\n<p><label> Votre email<br \/>\n<span class=\"wpcf7-form-control-wrap\" data-name=\"your-email\"><input size=\"40\" maxlength=\"400\" class=\"wpcf7-form-control wpcf7-email wpcf7-validates-as-required wpcf7-text wpcf7-validates-as-email\" autocomplete=\"email\" aria-required=\"true\" aria-invalid=\"false\" value=\"\" type=\"email\" name=\"your-email\" \/><\/span> <\/label>\n<\/p>\n<p><label> Votre t\u00e9l\u00e9phone<br \/>\n<span class=\"wpcf7-form-control-wrap\" data-name=\"tel-323\"><input size=\"40\" maxlength=\"400\" class=\"wpcf7-form-control wpcf7-tel wpcf7-validates-as-required wpcf7-text wpcf7-validates-as-tel\" autocomplete=\"tel\" aria-required=\"true\" aria-invalid=\"false\" value=\"\" type=\"tel\" name=\"tel-323\" \/><\/span> <\/label>\n<\/p>\n<p><label> Objet<br \/>\n<span class=\"wpcf7-form-control-wrap\" data-name=\"your-subject\"><input size=\"40\" maxlength=\"400\" class=\"wpcf7-form-control wpcf7-text wpcf7-validates-as-required\" aria-required=\"true\" aria-invalid=\"false\" value=\"\" type=\"text\" name=\"your-subject\" \/><\/span> <\/label>\n<\/p>\n<p><label> Votre message<br \/>\n<span class=\"wpcf7-form-control-wrap\" data-name=\"your-message\"><textarea cols=\"40\" rows=\"10\" maxlength=\"2000\" class=\"wpcf7-form-control wpcf7-textarea\" aria-invalid=\"false\" name=\"your-message\"><\/textarea><\/span> <\/label>\n<\/p>\n<p><input class=\"wpcf7-form-control wpcf7-submit has-spinner Envoyer\" type=\"submit\" value=\"Envoyer\" \/>\n<\/p><div class=\"wpcf7-response-output\" aria-hidden=\"true\"><\/div>\n<\/form>\n<\/div>\n<\/div>\n<\/div>\n\n\n\n<div class=\"wp-block-column is-layout-flow wp-block-column-is-layout-flow\">\n<h2 class=\"wp-block-heading\">Acc\u00e8s au cabinet<\/h2>\n\n\n\n<figure class=\"wp-block-gallery has-nested-images columns-default is-cropped wp-block-gallery-1 is-layout-flex wp-block-gallery-is-layout-flex\">\n<figure class=\"wp-block-image size-large\"><img loading=\"lazy\" decoding=\"async\" width=\"946\" height=\"754\" data-id=\"251\" src=\"https:\/\/psychomotricite-fronton.com\/wp-content\/uploads\/2026\/02\/acces-au-cabinet.png\" alt=\"\" class=\"wp-image-251\" srcset=\"https:\/\/psychomotricite-fronton.com\/wp-content\/uploads\/2026\/02\/acces-au-cabinet.png 946w, https:\/\/psychomotricite-fronton.com\/wp-content\/uploads\/2026\/02\/acces-au-cabinet-300x239.png 300w, https:\/\/psychomotricite-fronton.com\/wp-content\/uploads\/2026\/02\/acces-au-cabinet-768x612.png 768w, https:\/\/psychomotricite-fronton.com\/wp-content\/uploads\/2026\/02\/acces-au-cabinet-600x478.png 600w\" sizes=\"auto, (max-width: 946px) 100vw, 946px\" \/><\/figure>\n<\/figure>\n<\/div>\n<\/div>\n\n\n\n<p><\/p>\n","protected":false},"excerpt":{"rendered":"<p>Adresse : 6 impasse du colombier 31620 Fronton T\u00e9l\u00e9phone : Pour toute nouvelle demande de bilan ou de prise en charge, nous vous invitons \u00e0 vous connecter \u00e0 Docorga.com pour vous inscrire sur notre liste d&rsquo;attente. Vous pouvez&nbsp;noter&nbsp;dans l&rsquo;encart \u00ab\u00a0Nom de votre praticien\u00a0\u00bb l&rsquo;un de nos noms COUDEYRAS, BIGARIOS ou HAMELIN. Vous devrez ensuite cliquer&#8230;<\/p>\n","protected":false},"author":1,"featured_media":0,"parent":0,"menu_order":0,"comment_status":"closed","ping_status":"closed","template":"","meta":{"_kadence_starter_templates_imported_post":false,"_kad_post_transparent":"","_kad_post_title":"","_kad_post_layout":"","_kad_post_sidebar_id":"","_kad_post_content_style":"","_kad_post_vertical_padding":"","_kad_post_feature":"","_kad_post_feature_position":"","_kad_post_header":false,"_kad_post_footer":false,"_kad_post_classname":"","footnotes":""},"class_list":["post-44","page","type-page","status-publish","hentry"],"_links":{"self":[{"href":"https:\/\/psychomotricite-fronton.com\/index.php\/wp-json\/wp\/v2\/pages\/44","targetHints":{"allow":["GET"]}}],"collection":[{"href":"https:\/\/psychomotricite-fronton.com\/index.php\/wp-json\/wp\/v2\/pages"}],"about":[{"href":"https:\/\/psychomotricite-fronton.com\/index.php\/wp-json\/wp\/v2\/types\/page"}],"author":[{"embeddable":true,"href":"https:\/\/psychomotricite-fronton.com\/index.php\/wp-json\/wp\/v2\/users\/1"}],"replies":[{"embeddable":true,"href":"https:\/\/psychomotricite-fronton.com\/index.php\/wp-json\/wp\/v2\/comments?post=44"}],"version-history":[{"count":58,"href":"https:\/\/psychomotricite-fronton.com\/index.php\/wp-json\/wp\/v2\/pages\/44\/revisions"}],"predecessor-version":[{"id":409,"href":"https:\/\/psychomotricite-fronton.com\/index.php\/wp-json\/wp\/v2\/pages\/44\/revisions\/409"}],"wp:attachment":[{"href":"https:\/\/psychomotricite-fronton.com\/index.php\/wp-json\/wp\/v2\/media?parent=44"}],"curies":[{"name":"wp","href":"https:\/\/api.w.org\/{rel}","templated":true}]}}